{"id":9670,"date":"2016-02-24T02:43:18","date_gmt":"2016-02-24T02:43:18","guid":{"rendered":"http:\/\/www.montalegre.org\/es\/?page_id=9670"},"modified":"2025-09-09T20:32:19","modified_gmt":"2025-09-09T20:32:19","slug":"cursos-prematrimoniales","status":"publish","type":"page","link":"https:\/\/www.montalegre.org\/es\/cursos-prematrimoniales\/","title":{"rendered":"Cursos prematrimoniales"},"content":{"rendered":"<div class=\"wpb-content-wrapper\"><p>[vc_row][vc_column][vc_column_text]<\/p>\n<h2>Cuestiones sobre el Matrimonio<\/h2>\n<p>[\/vc_column_text][\/vc_column][\/vc_row][vc_row][vc_column][vc_column_text]\u00abLa fam\u00edlia \u00e9s un b\u00e9 necessari per als pobles, un fonament indispensable per a la societat i un gran tresor dels esposos durant tota la seva vida. \u00c9s un b\u00e9 insubstitu\u00efble per als fills, que han de ser fruit de l\u2019amor, de la donaci\u00f3 total i generosa dels pares. Proclamar la veritat integral de la fam\u00edlia, fundada en el matrimoni com Esgl\u00e9sia dom\u00e8stica i santuari de la vida \u00e9s una gran responsabilitat de tots.\u00bb<\/p>\n<p style=\"text-align: right;\"><strong>Benet XVI<\/strong> |\u00a0V Encuentro\u00a0Mundial de familias (<em>Valencia, 8 de julio de 2006)<\/em><\/p>\n<p>[\/vc_column_text]<hr class=\"c-separator m-transparent m-margin-top-large m-margin-bottom-large\">[\/vc_column][\/vc_row][vc_row][vc_column][vc_column_text]<\/p>\n<h3 style=\"text-align: left;\">Informaci\u00f3n sobre los cursillos de preparaci\u00f3n al matrimonio 2025\/26[\/vc_column_text]<hr class=\"c-separator m-transparent m-margin-top-medium m-margin-bottom-medium\"><div class=\"c-accordion m-toggle\"><div class=\"c-content-box\"><ul class=\"accordion-items\"><li class=\"m-has-icon\"><h4 class=\"accordion-title\"><i class=\"ico tp tp-bookmark\"><\/i>Temas del curso<\/h4><div class=\"accordion-content\"><\/h3>\n<ul>\n<li>\u00bfPor qu\u00e9 casarse por la Iglesia?<\/li>\n<li>Aprender a amar<\/li>\n<li>Matrimonio y familia: dimensi\u00f3n jur\u00eddica<\/li>\n<li>Matrimonio y fam\u00edlia: econom\u00eda, trabajo\u00a0y conciliaci\u00f3n<\/li>\n<li>Amor, sexualidad e\u00a0hijos<\/li>\n<\/ul>\n<\/div><\/li><li class=\"m-has-icon\"><h4 class=\"accordion-title\"><i class=\"ico tp tp-man-woman\"><\/i>Qui\u00e9n?<\/h4><div class=\"accordion-content\">Parejas de prometidos con fecha de boda.<\/p>\n<\/div><\/li><li class=\"m-has-icon\"><h4 class=\"accordion-title\"><i class=\"ico tp tp-bubbles\"><\/i>C\u00f3mo?<\/h4><div class=\"accordion-content\">Exposici\u00f3n te\u00f3rica del ponente y participaci\u00f3n de los asistentes.<\/p>\n<\/div><\/li><li class=\"m-has-icon\"><h4 class=\"accordion-title\"><i class=\"ico tp tp-calendar-full\"><\/i>Cuando?<\/h4><div class=\"accordion-content\">\n<p><strong>Oto\u00f1o:<\/strong> del 3 al 7 de noviembre de 2025, de 19,30 a 21,00.<br \/>\n<strong>Invierno:<\/strong> del 2 al 6 de febrero de 2026, de 19,30 a 21,00.<br \/>\n<strong>Primavera<\/strong>: del 4 al 8 de mayo de 2026, de 19,30 a 21,00.<\/p>\n<p><strong>Verano:<\/strong> del 29 de junio al 3 de julio de 2026, de 19,30 a 21,00.<\/p>\n<\/div><\/li><li class=\"m-has-icon\"><h4 class=\"accordion-title\"><i class=\"ico tp tp-map-marker\"><\/i>D\u00f3nde?<\/h4><div class=\"accordion-content\">En la Sala d\u2019actes de la Iglesia\u00a0de Santa Maria de Montalegre.<\/div><\/li><li class=\"m-has-icon\"><h4 class=\"accordion-title\"><i class=\"ico tp tp-cash-euro\"><\/i>Cuanto?<\/h4><div class=\"accordion-content\">35 \u20ac\u00a0por pareja. Se entregar\u00e1\u00a0un certificado de asistencia a los participantes.<\/div><\/li><li class=\"m-has-icon\"><h4 class=\"accordion-title\"><i class=\"ico tp tp-pencil2\"><\/i>Inscripciones<\/h4><div class=\"accordion-content\">Os pod\u00e9is\u00a0apuntar en la misma\u00a0<a href=\"http:\/\/montalegre.org\/contacte\">Iglesia<\/a>,\u00a0por telefono llamando al 93 301 43 47 (de lunes a viernes, de\u00a0 10,30 a 13 y de 17,30 a 20) o\u00a0por correo electr\u00f3nico, enviando un mensaje\u00a0a\u00a0<strong>montalegre@montalegre.org<\/strong><\/div><\/li><\/ul><\/div><\/div>[\/vc_column][\/vc_row]<\/p>\n<\/div>","protected":false},"excerpt":{"rendered":"<p>[vc_row][vc_column][vc_column_text] Cuestiones sobre el Matrimonio [\/vc_column_text][\/vc_column][\/vc_row][vc_row][vc_column][vc_column_text]\u00abLa fam\u00edlia \u00e9s un b\u00e9 necessari per als pobles, un fonament indispensable per a la societat i un gran tresor dels esposos durant tota la seva vida. \u00c9s un b\u00e9 insubstitu\u00efble per als fills, que han de ser fruit de l\u2019amor, de la donaci\u00f3 total i generosa dels pares. Proclamar [&hellip;]<\/p>\n","protected":false},"author":7,"featured_media":0,"parent":0,"menu_order":0,"comment_status":"closed","ping_status":"closed","template":"","meta":{"footnotes":""},"class_list":["post-9670","page","type-page","status-publish","hentry"],"yoast_head":"<!-- This site is optimized with the Yoast SEO plugin v27.1.1 - https:\/\/yoast.com\/product\/yoast-seo-wordpress\/ -->\n<title>Cursos prematrimoniales - Montalegre<\/title>\n<meta name=\"robots\" content=\"index, follow, max-snippet:-1, max-image-preview:large, max-video-preview:-1\" \/>\n<link rel=\"canonical\" href=\"https:\/\/www.montalegre.org\/es\/cursos-prematrimoniales\/\" \/>\n<meta property=\"og:locale\" content=\"es_ES\" \/>\n<meta property=\"og:type\" content=\"article\" \/>\n<meta property=\"og:title\" content=\"Cursos prematrimoniales - Montalegre\" \/>\n<meta property=\"og:description\" content=\"[vc_row][vc_column][vc_column_text] Cuestiones sobre el Matrimonio [\/vc_column_text][\/vc_column][\/vc_row][vc_row][vc_column][vc_column_text]\u00abLa fam\u00edlia \u00e9s un b\u00e9 necessari per als pobles, un fonament indispensable per a la societat i un gran tresor dels esposos durant tota la seva vida. \u00c9s un b\u00e9 insubstitu\u00efble per als fills, que han de ser fruit de l\u2019amor, de la donaci\u00f3 total i generosa dels pares. Proclamar [&hellip;]\" \/>\n<meta property=\"og:url\" content=\"https:\/\/www.montalegre.org\/es\/cursos-prematrimoniales\/\" \/>\n<meta property=\"og:site_name\" content=\"Montalegre\" \/>\n<meta property=\"article:modified_time\" content=\"2025-09-09T20:32:19+00:00\" \/>\n<meta name=\"twitter:card\" content=\"summary_large_image\" \/>\n<meta name=\"twitter:label1\" content=\"Tiempo de lectura\" \/>\n\t<meta name=\"twitter:data1\" content=\"2 minutos\" \/>\n<script type=\"application\/ld+json\" class=\"yoast-schema-graph\">{\"@context\":\"https:\/\/schema.org\",\"@graph\":[{\"@type\":\"WebPage\",\"@id\":\"https:\/\/www.montalegre.org\/es\/cursos-prematrimoniales\/\",\"url\":\"https:\/\/www.montalegre.org\/es\/cursos-prematrimoniales\/\",\"name\":\"Cursos prematrimoniales - Montalegre\",\"isPartOf\":{\"@id\":\"https:\/\/www.montalegre.org\/es\/#website\"},\"datePublished\":\"2016-02-24T02:43:18+00:00\",\"dateModified\":\"2025-09-09T20:32:19+00:00\",\"breadcrumb\":{\"@id\":\"https:\/\/www.montalegre.org\/es\/cursos-prematrimoniales\/#breadcrumb\"},\"inLanguage\":\"es\",\"potentialAction\":[{\"@type\":\"ReadAction\",\"target\":[\"https:\/\/www.montalegre.org\/es\/cursos-prematrimoniales\/\"]}]},{\"@type\":\"BreadcrumbList\",\"@id\":\"https:\/\/www.montalegre.org\/es\/cursos-prematrimoniales\/#breadcrumb\",\"itemListElement\":[{\"@type\":\"ListItem\",\"position\":1,\"name\":\"Portada\",\"item\":\"https:\/\/www.montalegre.org\/es\/\"},{\"@type\":\"ListItem\",\"position\":2,\"name\":\"Cursos prematrimoniales\"}]},{\"@type\":\"WebSite\",\"@id\":\"https:\/\/www.montalegre.org\/es\/#website\",\"url\":\"https:\/\/www.montalegre.org\/es\/\",\"name\":\"Montalegre\",\"description\":\"\",\"potentialAction\":[{\"@type\":\"SearchAction\",\"target\":{\"@type\":\"EntryPoint\",\"urlTemplate\":\"https:\/\/www.montalegre.org\/es\/?s={search_term_string}\"},\"query-input\":{\"@type\":\"PropertyValueSpecification\",\"valueRequired\":true,\"valueName\":\"search_term_string\"}}],\"inLanguage\":\"es\"}]}<\/script>\n<!-- \/ Yoast SEO plugin. -->","yoast_head_json":{"title":"Cursos prematrimoniales - Montalegre","robots":{"index":"index","follow":"follow","max-snippet":"max-snippet:-1","max-image-preview":"max-image-preview:large","max-video-preview":"max-video-preview:-1"},"canonical":"https:\/\/www.montalegre.org\/es\/cursos-prematrimoniales\/","og_locale":"es_ES","og_type":"article","og_title":"Cursos prematrimoniales - Montalegre","og_description":"[vc_row][vc_column][vc_column_text] Cuestiones sobre el Matrimonio [\/vc_column_text][\/vc_column][\/vc_row][vc_row][vc_column][vc_column_text]\u00abLa fam\u00edlia \u00e9s un b\u00e9 necessari per als pobles, un fonament indispensable per a la societat i un gran tresor dels esposos durant tota la seva vida. \u00c9s un b\u00e9 insubstitu\u00efble per als fills, que han de ser fruit de l\u2019amor, de la donaci\u00f3 total i generosa dels pares. Proclamar [&hellip;]","og_url":"https:\/\/www.montalegre.org\/es\/cursos-prematrimoniales\/","og_site_name":"Montalegre","article_modified_time":"2025-09-09T20:32:19+00:00","twitter_card":"summary_large_image","twitter_misc":{"Tiempo de lectura":"2 minutos"},"schema":{"@context":"https:\/\/schema.org","@graph":[{"@type":"WebPage","@id":"https:\/\/www.montalegre.org\/es\/cursos-prematrimoniales\/","url":"https:\/\/www.montalegre.org\/es\/cursos-prematrimoniales\/","name":"Cursos prematrimoniales - Montalegre","isPartOf":{"@id":"https:\/\/www.montalegre.org\/es\/#website"},"datePublished":"2016-02-24T02:43:18+00:00","dateModified":"2025-09-09T20:32:19+00:00","breadcrumb":{"@id":"https:\/\/www.montalegre.org\/es\/cursos-prematrimoniales\/#breadcrumb"},"inLanguage":"es","potentialAction":[{"@type":"ReadAction","target":["https:\/\/www.montalegre.org\/es\/cursos-prematrimoniales\/"]}]},{"@type":"BreadcrumbList","@id":"https:\/\/www.montalegre.org\/es\/cursos-prematrimoniales\/#breadcrumb","itemListElement":[{"@type":"ListItem","position":1,"name":"Portada","item":"https:\/\/www.montalegre.org\/es\/"},{"@type":"ListItem","position":2,"name":"Cursos prematrimoniales"}]},{"@type":"WebSite","@id":"https:\/\/www.montalegre.org\/es\/#website","url":"https:\/\/www.montalegre.org\/es\/","name":"Montalegre","description":"","potentialAction":[{"@type":"SearchAction","target":{"@type":"EntryPoint","urlTemplate":"https:\/\/www.montalegre.org\/es\/?s={search_term_string}"},"query-input":{"@type":"PropertyValueSpecification","valueRequired":true,"valueName":"search_term_string"}}],"inLanguage":"es"}]}},"_links":{"self":[{"href":"https:\/\/www.montalegre.org\/es\/wp-json\/wp\/v2\/pages\/9670","targetHints":{"allow":["GET"]}}],"collection":[{"href":"https:\/\/www.montalegre.org\/es\/wp-json\/wp\/v2\/pages"}],"about":[{"href":"https:\/\/www.montalegre.org\/es\/wp-json\/wp\/v2\/types\/page"}],"author":[{"embeddable":true,"href":"https:\/\/www.montalegre.org\/es\/wp-json\/wp\/v2\/users\/7"}],"replies":[{"embeddable":true,"href":"https:\/\/www.montalegre.org\/es\/wp-json\/wp\/v2\/comments?post=9670"}],"version-history":[{"count":20,"href":"https:\/\/www.montalegre.org\/es\/wp-json\/wp\/v2\/pages\/9670\/revisions"}],"predecessor-version":[{"id":18951,"href":"https:\/\/www.montalegre.org\/es\/wp-json\/wp\/v2\/pages\/9670\/revisions\/18951"}],"wp:attachment":[{"href":"https:\/\/www.montalegre.org\/es\/wp-json\/wp\/v2\/media?parent=9670"}],"curies":[{"name":"wp","href":"https:\/\/api.w.org\/{rel}","templated":true}]}}