{"id":82,"date":"2010-03-18T17:06:10","date_gmt":"2010-03-18T17:06:10","guid":{"rendered":"http:\/\/10.0.0.37\/montalegre\/colabora\/"},"modified":"2016-04-10T17:51:33","modified_gmt":"2016-04-10T17:51:33","slug":"colabora","status":"publish","type":"page","link":"https:\/\/www.montalegre.org\/es\/colabora\/","title":{"rendered":"Colabora"},"content":{"rendered":"<p style=\"text-align: justify;\"><strong>Donativos y suscripciones<\/strong><\/p>\n<p style=\"text-align: justify;\">El sostenimiento de la Iglesia corre a cargo de los fieles, que ayudan con sus aportaciones voluntarias.<\/p>\n<p style=\"text-align: justify;\">En Montalegre hemos de hacer frente a gastos generales (luz, calefacci\u00f3n, limpieza, ornamentos, culto) y a la reparaci\u00f3n y conservaci\u00f3n del edificio que, por ser antiguo, presenta deficiencias que exigen gastos extraordinarios con frecuencia. Adem\u00e1s, por no tener ning\u00fan \u00e1nimo de lucro, las actividades que se realizan en la iglesia son deficitarias.<\/p>\n<p style=\"text-align: justify;\">Para colaborar con sus donativos pueden hacer alguna de estas \u00a0cosas:<\/p>\n<ol style=\"text-align: justify;\">\n<li>Entregar el donativo en las oficinas de la iglesia.<\/li>\n<li>Depositar su limosna en las huchas del templo o en la bolsa que se pasa en cada santa misa<\/li>\n<li>Hacer la donaci\u00f3n mediante transferencia a la c\/c de la Iglesia de Santa Mar\u00eda de Montalegre:<br \/>\n<strong>Cuenta corriente: \u00a0ES \u00a005\u00a0<span lang=\"ES-TRAD\">0081- 1771 &#8211; 81 &#8211; 0001001109\u00a0\u00a0<\/span>\u00a0 BANC DE SABADELL<\/strong><\/li>\n<\/ol>\n<p style=\"text-align: justify;\">Si desea recibir justificante para la desgravaci\u00f3n en el IRPF, puede pedirlo en las oficinas de la iglesia o enviar la solicitud por correo postal, \u00a0o \u00a0por correo electr\u00f3nico a: \u00a0montalegre@montalegre.org \u00a0 antes del 5 de enero del a\u00f1o siguiente a la donaci\u00f3n.<\/p>\n<p style=\"text-align: justify;\">\u00a1Muchas gracias!<\/p>\n","protected":false},"excerpt":{"rendered":"<p>Donativos y suscripciones El sostenimiento de la Iglesia corre a cargo de los fieles, que ayudan con sus aportaciones voluntarias. En Montalegre hemos de hacer frente a gastos generales (luz, calefacci\u00f3n, limpieza, ornamentos, culto) y a la reparaci\u00f3n y conservaci\u00f3n del edificio que, por ser antiguo, presenta deficiencias que exigen gastos extraordinarios con frecuencia. Adem\u00e1s, [&hellip;]<\/p>\n","protected":false},"author":4,"featured_media":0,"parent":0,"menu_order":0,"comment_status":"open","ping_status":"open","template":"","meta":{"footnotes":""},"class_list":["post-82","page","type-page","status-publish","hentry"],"yoast_head":"<!-- This site is optimized with the Yoast SEO plugin v27.1.1 - https:\/\/yoast.com\/product\/yoast-seo-wordpress\/ -->\n<title>Colabora - Montalegre<\/title>\n<meta name=\"robots\" content=\"index, follow, max-snippet:-1, max-image-preview:large, max-video-preview:-1\" \/>\n<link rel=\"canonical\" href=\"https:\/\/www.montalegre.org\/es\/colabora\/\" \/>\n<meta property=\"og:locale\" content=\"es_ES\" \/>\n<meta property=\"og:type\" content=\"article\" \/>\n<meta property=\"og:title\" content=\"Colabora - Montalegre\" \/>\n<meta property=\"og:description\" content=\"Donativos y suscripciones El sostenimiento de la Iglesia corre a cargo de los fieles, que ayudan con sus aportaciones voluntarias. En Montalegre hemos de hacer frente a gastos generales (luz, calefacci\u00f3n, limpieza, ornamentos, culto) y a la reparaci\u00f3n y conservaci\u00f3n del edificio que, por ser antiguo, presenta deficiencias que exigen gastos extraordinarios con frecuencia. Adem\u00e1s, [&hellip;]\" \/>\n<meta property=\"og:url\" content=\"https:\/\/www.montalegre.org\/es\/colabora\/\" \/>\n<meta property=\"og:site_name\" content=\"Montalegre\" \/>\n<meta property=\"article:modified_time\" content=\"2016-04-10T17:51:33+00:00\" \/>\n<meta name=\"twitter:card\" content=\"summary_large_image\" \/>\n<meta name=\"twitter:label1\" content=\"Tiempo de lectura\" \/>\n\t<meta name=\"twitter:data1\" content=\"1 minuto\" \/>\n<script type=\"application\/ld+json\" class=\"yoast-schema-graph\">{\"@context\":\"https:\/\/schema.org\",\"@graph\":[{\"@type\":\"WebPage\",\"@id\":\"https:\/\/www.montalegre.org\/es\/colabora\/\",\"url\":\"https:\/\/www.montalegre.org\/es\/colabora\/\",\"name\":\"Colabora - Montalegre\",\"isPartOf\":{\"@id\":\"https:\/\/www.montalegre.org\/es\/#website\"},\"datePublished\":\"2010-03-18T17:06:10+00:00\",\"dateModified\":\"2016-04-10T17:51:33+00:00\",\"breadcrumb\":{\"@id\":\"https:\/\/www.montalegre.org\/es\/colabora\/#breadcrumb\"},\"inLanguage\":\"es\",\"potentialAction\":[{\"@type\":\"ReadAction\",\"target\":[\"https:\/\/www.montalegre.org\/es\/colabora\/\"]}]},{\"@type\":\"BreadcrumbList\",\"@id\":\"https:\/\/www.montalegre.org\/es\/colabora\/#breadcrumb\",\"itemListElement\":[{\"@type\":\"ListItem\",\"position\":1,\"name\":\"Portada\",\"item\":\"https:\/\/www.montalegre.org\/es\/\"},{\"@type\":\"ListItem\",\"position\":2,\"name\":\"Colabora\"}]},{\"@type\":\"WebSite\",\"@id\":\"https:\/\/www.montalegre.org\/es\/#website\",\"url\":\"https:\/\/www.montalegre.org\/es\/\",\"name\":\"Montalegre\",\"description\":\"\",\"potentialAction\":[{\"@type\":\"SearchAction\",\"target\":{\"@type\":\"EntryPoint\",\"urlTemplate\":\"https:\/\/www.montalegre.org\/es\/?s={search_term_string}\"},\"query-input\":{\"@type\":\"PropertyValueSpecification\",\"valueRequired\":true,\"valueName\":\"search_term_string\"}}],\"inLanguage\":\"es\"}]}<\/script>\n<!-- \/ Yoast SEO plugin. -->","yoast_head_json":{"title":"Colabora - Montalegre","robots":{"index":"index","follow":"follow","max-snippet":"max-snippet:-1","max-image-preview":"max-image-preview:large","max-video-preview":"max-video-preview:-1"},"canonical":"https:\/\/www.montalegre.org\/es\/colabora\/","og_locale":"es_ES","og_type":"article","og_title":"Colabora - Montalegre","og_description":"Donativos y suscripciones El sostenimiento de la Iglesia corre a cargo de los fieles, que ayudan con sus aportaciones voluntarias. En Montalegre hemos de hacer frente a gastos generales (luz, calefacci\u00f3n, limpieza, ornamentos, culto) y a la reparaci\u00f3n y conservaci\u00f3n del edificio que, por ser antiguo, presenta deficiencias que exigen gastos extraordinarios con frecuencia. Adem\u00e1s, [&hellip;]","og_url":"https:\/\/www.montalegre.org\/es\/colabora\/","og_site_name":"Montalegre","article_modified_time":"2016-04-10T17:51:33+00:00","twitter_card":"summary_large_image","twitter_misc":{"Tiempo de lectura":"1 minuto"},"schema":{"@context":"https:\/\/schema.org","@graph":[{"@type":"WebPage","@id":"https:\/\/www.montalegre.org\/es\/colabora\/","url":"https:\/\/www.montalegre.org\/es\/colabora\/","name":"Colabora - Montalegre","isPartOf":{"@id":"https:\/\/www.montalegre.org\/es\/#website"},"datePublished":"2010-03-18T17:06:10+00:00","dateModified":"2016-04-10T17:51:33+00:00","breadcrumb":{"@id":"https:\/\/www.montalegre.org\/es\/colabora\/#breadcrumb"},"inLanguage":"es","potentialAction":[{"@type":"ReadAction","target":["https:\/\/www.montalegre.org\/es\/colabora\/"]}]},{"@type":"BreadcrumbList","@id":"https:\/\/www.montalegre.org\/es\/colabora\/#breadcrumb","itemListElement":[{"@type":"ListItem","position":1,"name":"Portada","item":"https:\/\/www.montalegre.org\/es\/"},{"@type":"ListItem","position":2,"name":"Colabora"}]},{"@type":"WebSite","@id":"https:\/\/www.montalegre.org\/es\/#website","url":"https:\/\/www.montalegre.org\/es\/","name":"Montalegre","description":"","potentialAction":[{"@type":"SearchAction","target":{"@type":"EntryPoint","urlTemplate":"https:\/\/www.montalegre.org\/es\/?s={search_term_string}"},"query-input":{"@type":"PropertyValueSpecification","valueRequired":true,"valueName":"search_term_string"}}],"inLanguage":"es"}]}},"_links":{"self":[{"href":"https:\/\/www.montalegre.org\/es\/wp-json\/wp\/v2\/pages\/82","targetHints":{"allow":["GET"]}}],"collection":[{"href":"https:\/\/www.montalegre.org\/es\/wp-json\/wp\/v2\/pages"}],"about":[{"href":"https:\/\/www.montalegre.org\/es\/wp-json\/wp\/v2\/types\/page"}],"author":[{"embeddable":true,"href":"https:\/\/www.montalegre.org\/es\/wp-json\/wp\/v2\/users\/4"}],"replies":[{"embeddable":true,"href":"https:\/\/www.montalegre.org\/es\/wp-json\/wp\/v2\/comments?post=82"}],"version-history":[{"count":10,"href":"https:\/\/www.montalegre.org\/es\/wp-json\/wp\/v2\/pages\/82\/revisions"}],"predecessor-version":[{"id":10030,"href":"https:\/\/www.montalegre.org\/es\/wp-json\/wp\/v2\/pages\/82\/revisions\/10030"}],"wp:attachment":[{"href":"https:\/\/www.montalegre.org\/es\/wp-json\/wp\/v2\/media?parent=82"}],"curies":[{"name":"wp","href":"https:\/\/api.w.org\/{rel}","templated":true}]}}