{"id":15532,"date":"2021-03-18T15:49:13","date_gmt":"2021-03-18T15:49:13","guid":{"rendered":"https:\/\/www.montalegre.org\/?page_id=15532"},"modified":"2021-04-16T08:14:07","modified_gmt":"2021-04-16T08:14:07","slug":"politica-de-cookies","status":"publish","type":"page","link":"https:\/\/www.montalegre.org\/es\/politica-de-cookies\/","title":{"rendered":"Pol\u00edtica de cookies"},"content":{"rendered":"\n<p>Le informamos que, en cumplimiento de la normativa vigente en materia de protecci\u00f3n de datos, www.montalegre.org utiliza cookies de terceros.<br>Una cookie es un fichero que se descarga en el dispositivo del usuario cuando se accede a la p\u00e1gina web, con la finalidad de almacenar y recuperar informaci\u00f3n sobre la navegaci\u00f3n que se realiza en el dispositivo.<\/p>\n\n\n<div class=\"wpca-cc-sett-box\" id=\"wpca-cc-sett-box-2\" data-id=\"2\"><h2>Configuraci\u00f3n de Cookies<\/h2><p>En la parte inferior ver\u00e1 el tipo de cookies que utilizamos y podr\u00e1 seleccionar cuales permite. Una vez seleccionadas pulse \"Guardar configuraci\u00f3n\" para actualizar sus preferencias<br \/><div class=\"wpca-cc-sett-options\"><p class=\"wpie-switch\"><label><input  disabled=\"disabled\" data-cat=\"functional\" id=\"wpca-cookie-cat-functional-2\" class=\"disabled\" name=\"wpca_cookie_cat\" tabindex=\"5\" type=\"checkbox\" value=\"1\" \/><span class=\"wpie-switch-slider\"><\/span><\/label><span class=\"wpie-switch-label\">Funcionales<\/span><span class=\"wpie-switch-descr\">Nuestra web puede contener cookies funcionales que son necesarias para el correcto funcionamiento de la web.<\/span><\/p><p class=\"wpie-switch\"><label><input  data-cat=\"analytical\" id=\"wpca-cookie-cat-analytical-2\" class=\"\" name=\"wpca_cookie_cat\" tabindex=\"6\" type=\"checkbox\" value=\"1\" \/><span class=\"wpie-switch-slider\"><\/span><\/label><span class=\"wpie-switch-label\">Anal\u00edticas<\/span><span class=\"wpie-switch-descr\">Utilizamos cookies anal\u00edticas para ofrecer m\u00e1s contenido de su inter\u00e9s.<\/span><\/p><p class=\"wpie-switch\"><label><input  data-cat=\"social-media\" id=\"wpca-cookie-cat-social-media-2\" class=\"\" name=\"wpca_cookie_cat\" tabindex=\"7\" type=\"checkbox\" value=\"1\" \/><span class=\"wpie-switch-slider\"><\/span><\/label><span class=\"wpie-switch-label\">Redes Sociales<\/span><span class=\"wpie-switch-descr\">Para integrar datos de nuestras redes sociales, estas redes pueden instalar cookies de terceros.<\/span><\/p><p class=\"wpie-switch\"><label><input  data-cat=\"other\" id=\"wpca-cookie-cat-other-2\" class=\"\" name=\"wpca_cookie_cat\" tabindex=\"8\" type=\"checkbox\" value=\"1\" \/><span class=\"wpie-switch-slider\"><\/span><\/label><span class=\"wpie-switch-label\">Otras<\/span><span class=\"wpie-switch-descr\">Otras cookies de webs de terceras empresas como Google Maps.<\/span><\/p><\/div><br \/><button class=\"wpca-btn-accept wpca-btn wpca-btn-hide\" data-txt=\"Aceptar todas las cookies\" data-txt-processing=\"Guardando preferencias\u2026\" >Aceptar todas las cookies<\/button><button class=\"wpca-btn-cc-save-sett wpca-btn\" data-txt=\"Guardar configuraci\u00f3n\" data-txt-processing=\"Guardando...\">Guardar configuraci\u00f3n<\/button><\/p><\/div>\n\n\n\n<h2 class=\"wp-block-heading\"><strong>Tipos de cookies:<\/strong><\/h2>\n\n\n\n<h3 class=\"wp-block-heading\"><strong>Seg\u00fan la entidad que las gestione:<\/strong><\/h3>\n\n\n\n<p><strong>Cookies de terceros:<\/strong> son aquellas que se env\u00edan al equipo terminal del Usuario desde un equipo o dominio que no es gestionado por el editor, sino por otra entidad que trata los datos obtenidos a trav\u00e9s de las cookies.<\/p>\n\n\n\n<p><strong>Cookies propias:<\/strong> Son aquellas que se env\u00edan a tu equipo desde nuestros propios equipos o dominios y desde el que prestamos el servicio que nos solicitas.<\/p>\n\n\n\n<h3 class=\"wp-block-heading\"><strong>Seg\u00fan su finalidad:<\/strong><\/h3>\n\n\n\n<p><strong>Cookies t\u00e9cnicas:<\/strong> Permiten al usuario la navegaci\u00f3n a trav\u00e9s de una p\u00e1gina web, plataforma o aplicaci\u00f3n y la utilizaci\u00f3n de las diferentes opciones o servicios que en ella existan.<\/p>\n\n\n\n<p><strong>Cookies de personalizaci\u00f3n:<\/strong> Permiten al usuario acceder al servicio con algunas caracter\u00edsticas de car\u00e1cter general predefinidas en funci\u00f3n de una serie de criterios en el terminal del usuario como, por ejemplo, el idioma, el tipo de navegador a trav\u00e9s del cual accede al servicio, la configuraci\u00f3n regional desde donde accede al servicio, etc.<\/p>\n\n\n\n<p><strong>Cookies de an\u00e1lisis:<\/strong> Permiten al responsable de las mismas, el seguimiento y an\u00e1lisis del comportamiento de los usuarios de los sitios web a los que est\u00e1n vinculadas. La informaci\u00f3n recogida mediante este tipo de cookies se utiliza en la medici\u00f3n de la actividad de los sitios web, aplicaci\u00f3n o plataforma y para la elaboraci\u00f3n de perfiles de navegaci\u00f3n de los usuarios de dichos sitios, aplicaciones y plataformas, con el fin de introducir mejoras en funci\u00f3n del an\u00e1lisis de los datos de uso que hacen los usuarios del servicio.<\/p>\n\n\n\n<h3 class=\"wp-block-heading\"><strong>Seg\u00fan el plazo de tiempo que permanecen activadas:<\/strong><\/h3>\n\n\n\n<p><strong>Cookies de sesi\u00f3n:<\/strong> son cookies temporales que permanecen en el archivo de cookies de su navegador hasta que abandone la p\u00e1gina web, por lo que ninguna queda registrada en el disco duro del usuario. La informaci\u00f3n obtenida por medio de estas cookies sirve para analizar las pautas de tr\u00e1fico de la web. A la larga, esto nos permite proporcionar una mejor experiencia para mejorar el contenido y facilitar su uso.<\/p>\n\n\n\n<p><strong>Cookies permanentes:<\/strong> son almacenadas en el disco duro y nuestra web las lee cada vez que el usuario realiza una nueva visita. Una cookie permanente puede ser accedida y tratada durante un periodo definido por el responsable de la cookie, despu\u00e9s de esa fecha dejar\u00e1 de funcionar.<\/p>\n\n\n\n<h3 class=\"wp-block-heading\"><strong>Tipos de cookies habilitadas en www.montalegre.org<\/strong><\/h3>\n\n\n\n<p>MONTALEGRE hace uso de cookies propias y de terceros, en concreto, complementos externos de Google. Su uso implica la remisi\u00f3n de cookies. Para m\u00e1s informaci\u00f3n consulte:&nbsp;<a href=\"http:\/\/www.google.com\/intl\/es\/policies\/technologies\/cookies\/\" target=\"_blank\" rel=\"noreferrer noopener\">C\u00f3mo utiliza Google las cookies&nbsp;<\/a><\/p>\n\n\n\n<p>La informaci\u00f3n que recogen los complementos externos de Google en nuestro Sitio Web, incluyendo la direcci\u00f3n IP del usuario, puede ser transmitida a Google y almacenada en sus servidores. Esta informaci\u00f3n es gestionada enteramente por Google. Estas cookies no identifican al usuario personalmente a menos que tenga activa una sesi\u00f3n en Google, quedando en ese caso vinculado con dicha cuenta de Google.<\/p>\n\n\n\n<p>Para m\u00e1s informaci\u00f3n consulte:&nbsp;Tipos de cookies que utiliza <a href=\"http:\/\/www.google.com\/intl\/es\/policies\/technologies\/types\/\" target=\"_blank\" rel=\"noreferrer noopener\">Google&nbsp;<\/a> y la Pol\u00edtica de Privacidad de Google:&nbsp;<a href=\"https:\/\/www.google.com\/intl\/es_es\/policies\/privacy\" target=\"_blank\" rel=\"noreferrer noopener\">Pol\u00edtica de privacidad<\/a><\/p>\n\n\n\n<p>En la siguiente tabla explicamos las cookies propias y de terceros (concretamente, de Google Analytics) que se utilizan en www.montalegre.org, su finalidad y plazo de conservaci\u00f3n, pues todas son Cookies persistentes.<\/p>\n\n\n\n<figure class=\"wp-block-table\"><table><tbody><tr><td>Nombre<\/td><td>Tipo<\/td><td>Caducidad<\/td><td>Finalidad<\/td><td>Clase<\/td><\/tr><tr><td>wpca_consent<\/td><td>Propias<\/td><td>1 a\u00f1o<\/td><td>Guarda si se permite almacenar cookies en el navegador<\/td><td>No Exenta<\/td><\/tr><tr><td>wpca_cc<\/td><td>Propias<\/td><td>1 a\u00f1o<\/td><td>Guarda el tipo de cookies que se permiten<\/td><td>No Exenta<\/td><\/tr><tr><td>_ga<\/td><td>De Terceros (Google Analytics)<\/td><td>Sessi\u00f3n<\/td><td>Servicio de Google Analytics<\/td><td>No Exenta<\/td><\/tr><tr><td>_gid<\/td><td>De Terceros (Google Analytics)<\/td><td>Sessi\u00f3n<\/td><td>Servicio de Google Analytics<\/td><td>No Exenta<\/td><\/tr><tr><td>_gat<\/td><td>De Terceros (Google Analytics)<\/td><td>Sessi\u00f3n<\/td><td>Servicio de Google Analytics<\/td><td>No Exenta<\/td><\/tr><tr><td>__utma<\/td><td>De Terceros (Google Analytics)<\/td><td>2 a\u00f1os<\/td><td>Se usa para distinguir usuarios y sesiones.<\/td><td>No Exenta<\/td><\/tr><tr><td>__utmb<\/td><td>De Terceros (Google Analytics)<\/td><td>30 minutos<\/td><td>Se usa para determinar nuevas sesiones o visitas<\/td><td>No Exenta<\/td><\/tr><tr><td>__utmc<\/td><td>De Terceros (Google Analytics)<\/td><td>Al finalizar la sesi\u00f3n<\/td><td>Se configura para su uso con Urchin<\/td><td>No Exenta<\/td><\/tr><tr><td>__utmz<\/td><td>De Terceros (Google Analytics)<\/td><td>6 meses<\/td><td>Almacena el origen o la campa\u00f1a que explica c\u00f3mo el usuario ha llegado hasta la p\u00e1gina web<\/td><td>No Exenta<\/td><\/tr><tr><td>NID<\/td><td>De Terceros (Google Maps)<\/td><td>Sessi\u00f3n<\/td><td>Guarda las preferencias del usuario cuando se accede a Google Maps<\/td><td>No Exenta<\/td><\/tr><\/tbody><\/table><\/figure>\n\n\n\n<h3 class=\"wp-block-heading\"><strong>\u00bfQui\u00e9n utiliza las cookies?<\/strong><\/h3>\n\n\n\n<p>La informaci\u00f3n obtenida a trav\u00e9s de las Cookies ser\u00e1 incorporada a los tratamientos de MONTALEGRE con las finalidades y plazos indicados en la presente Pol\u00edtica.<\/p>\n\n\n\n<p>Asimismo, esta informaci\u00f3n tambi\u00e9n se incorporar\u00e1 a los ficheros de Google como empresa proveedora de las Cookies de Terceros indicadas en el presente documento, siendo tratada con las finalidades indicadas en sus respectivas pol\u00edticas de privacidad.<\/p>\n\n\n\n<p>La base jur\u00eddica que legitima estos tratamientos es el consentimiento del usuario, prestado con ocasi\u00f3n de su navegaci\u00f3n por la p\u00e1gina web; no obstante, el usuario podr\u00e1 rechazar el uso de Cookies mediante los mecanismos indicados en la presente Pol\u00edtica.<\/p>\n\n\n\n<h3 class=\"wp-block-heading\"><strong>\u00bfC\u00f3mo cambio mi configuraci\u00f3n de cookies?<\/strong><\/h3>\n\n\n\n<p>Puede usted permitir, bloquear o eliminar las cookies instaladas en su equipo mediante la configuraci\u00f3n de las opciones del navegador instalado en su ordenador. Por favor, lea atentamente la secci\u00f3n de ayuda de su navegador para conocer m\u00e1s acerca de c\u00f3mo activar el \u201cmodo privado\u201d o desbloquear determinadas cookies.<\/p>\n\n\n\n<p>\u2022 Internet Explorer: Puede consultar el <a href=\"https:\/\/support.microsoft.com\/es-es\/topic\/eliminar-y-administrar-cookies-168dab11-0753-043d-7c16-ede5947fc64d\" target=\"_blank\" rel=\"noreferrer noopener\">soporte de Microsoft<\/a> o la Ayuda del navegador.<br>\u2022 Firefox: Puede consultar el <a href=\"https:\/\/support.mozilla.org\/es\/kb\/habilitar-y-deshabilitar-cookies-sitios-web-rastrear-preferencias\" target=\"_blank\" rel=\"noreferrer noopener\">soporte de Mozilla<\/a> o la Ayuda del navegador.<br>\u2022 Chrome: Puede consultar el <a href=\"https:\/\/support.google.com\/chrome\/answer\/95647?co=GENIE.Platform%3DDesktop&amp;hl=es\" target=\"_blank\" rel=\"noreferrer noopener\">soporte de Google<\/a> o la Ayuda del navegador.<br>\u2022 Safari: Puede consultar el <a href=\"https:\/\/support.apple.com\/es-es\/HT201265\" target=\"_blank\" rel=\"noreferrer noopener\">soporte de Apple<\/a> o la Ayuda del navegador.<\/p>\n\n\n\n<h3 class=\"wp-block-heading\"><strong>Actualizaciones y cambios en la Pol\u00edtica de Cookies.<\/strong><\/h3>\n\n\n\n<p>La variaci\u00f3n de las cookies que aparezcan en esta web puede no estar relacionada con la gesti\u00f3n y el mantenimiento de la misma, por lo que se llevan a cabo revisiones peri\u00f3dicas para adecuar la pol\u00edtica de cookies.<br>El titular de la web no asume ninguna responsabilidad por problemas legales o t\u00e9cnicos causados por el incumplimiento por parte del USUARIO de las recomendaciones incluidas y no se hace responsable del contenido y veracidad de las pol\u00edticas de privacidad de terceros.<br>Esta Pol\u00edtica de Cookies podr\u00e1 ser modificada en funci\u00f3n de exigencias legislativas, reglamentarias, o con la finalidad de adaptar dicha pol\u00edtica a las instrucciones dictadas por la Agencia Espa\u00f1ola de Protecci\u00f3n de Datos, por ello se aconseja a los Usuarios que la visiten peri\u00f3dicamente.<\/p>\n\n\n\n<p>\u00daltima actualizaci\u00f3n: 16\/3\/2020<\/p>\n","protected":false},"excerpt":{"rendered":"<p>Le informamos que, en cumplimiento de la normativa vigente en materia de protecci\u00f3n de datos, www.montalegre.org utiliza cookies de terceros.Una cookie es un fichero que se descarga en el dispositivo del usuario cuando se accede a la p\u00e1gina web, con la finalidad de almacenar y recuperar informaci\u00f3n sobre la navegaci\u00f3n que se realiza en el [&hellip;]<\/p>\n","protected":false},"author":9,"featured_media":0,"parent":0,"menu_order":0,"comment_status":"closed","ping_status":"closed","template":"","meta":{"footnotes":""},"class_list":["post-15532","page","type-page","status-publish","hentry"],"yoast_head":"<!-- This site is optimized with the Yoast SEO plugin v27.1.1 - https:\/\/yoast.com\/product\/yoast-seo-wordpress\/ -->\n<title>Pol\u00edtica de cookies - Montalegre<\/title>\n<meta name=\"robots\" content=\"index, follow, max-snippet:-1, max-image-preview:large, max-video-preview:-1\" \/>\n<link rel=\"canonical\" href=\"https:\/\/www.montalegre.org\/es\/politica-de-cookies\/\" \/>\n<meta property=\"og:locale\" content=\"es_ES\" \/>\n<meta property=\"og:type\" content=\"article\" \/>\n<meta property=\"og:title\" content=\"Pol\u00edtica de cookies - Montalegre\" \/>\n<meta property=\"og:description\" content=\"Le informamos que, en cumplimiento de la normativa vigente en materia de protecci\u00f3n de datos, www.montalegre.org utiliza cookies de terceros.Una cookie es un fichero que se descarga en el dispositivo del usuario cuando se accede a la p\u00e1gina web, con la finalidad de almacenar y recuperar informaci\u00f3n sobre la navegaci\u00f3n que se realiza en el [&hellip;]\" \/>\n<meta property=\"og:url\" content=\"https:\/\/www.montalegre.org\/es\/politica-de-cookies\/\" \/>\n<meta property=\"og:site_name\" content=\"Montalegre\" \/>\n<meta property=\"article:modified_time\" content=\"2021-04-16T08:14:07+00:00\" \/>\n<meta name=\"twitter:card\" content=\"summary_large_image\" \/>\n<meta name=\"twitter:label1\" content=\"Tiempo de lectura\" \/>\n\t<meta name=\"twitter:data1\" content=\"5 minutos\" \/>\n<script type=\"application\/ld+json\" class=\"yoast-schema-graph\">{\"@context\":\"https:\/\/schema.org\",\"@graph\":[{\"@type\":\"WebPage\",\"@id\":\"https:\/\/www.montalegre.org\/es\/politica-de-cookies\/\",\"url\":\"https:\/\/www.montalegre.org\/es\/politica-de-cookies\/\",\"name\":\"Pol\u00edtica de cookies - Montalegre\",\"isPartOf\":{\"@id\":\"https:\/\/www.montalegre.org\/es\/#website\"},\"datePublished\":\"2021-03-18T15:49:13+00:00\",\"dateModified\":\"2021-04-16T08:14:07+00:00\",\"breadcrumb\":{\"@id\":\"https:\/\/www.montalegre.org\/es\/politica-de-cookies\/#breadcrumb\"},\"inLanguage\":\"es\",\"potentialAction\":[{\"@type\":\"ReadAction\",\"target\":[\"https:\/\/www.montalegre.org\/es\/politica-de-cookies\/\"]}]},{\"@type\":\"BreadcrumbList\",\"@id\":\"https:\/\/www.montalegre.org\/es\/politica-de-cookies\/#breadcrumb\",\"itemListElement\":[{\"@type\":\"ListItem\",\"position\":1,\"name\":\"Portada\",\"item\":\"https:\/\/www.montalegre.org\/es\/\"},{\"@type\":\"ListItem\",\"position\":2,\"name\":\"Pol\u00edtica de cookies\"}]},{\"@type\":\"WebSite\",\"@id\":\"https:\/\/www.montalegre.org\/es\/#website\",\"url\":\"https:\/\/www.montalegre.org\/es\/\",\"name\":\"Montalegre\",\"description\":\"\",\"potentialAction\":[{\"@type\":\"SearchAction\",\"target\":{\"@type\":\"EntryPoint\",\"urlTemplate\":\"https:\/\/www.montalegre.org\/es\/?s={search_term_string}\"},\"query-input\":{\"@type\":\"PropertyValueSpecification\",\"valueRequired\":true,\"valueName\":\"search_term_string\"}}],\"inLanguage\":\"es\"}]}<\/script>\n<!-- \/ Yoast SEO plugin. -->","yoast_head_json":{"title":"Pol\u00edtica de cookies - Montalegre","robots":{"index":"index","follow":"follow","max-snippet":"max-snippet:-1","max-image-preview":"max-image-preview:large","max-video-preview":"max-video-preview:-1"},"canonical":"https:\/\/www.montalegre.org\/es\/politica-de-cookies\/","og_locale":"es_ES","og_type":"article","og_title":"Pol\u00edtica de cookies - Montalegre","og_description":"Le informamos que, en cumplimiento de la normativa vigente en materia de protecci\u00f3n de datos, www.montalegre.org utiliza cookies de terceros.Una cookie es un fichero que se descarga en el dispositivo del usuario cuando se accede a la p\u00e1gina web, con la finalidad de almacenar y recuperar informaci\u00f3n sobre la navegaci\u00f3n que se realiza en el [&hellip;]","og_url":"https:\/\/www.montalegre.org\/es\/politica-de-cookies\/","og_site_name":"Montalegre","article_modified_time":"2021-04-16T08:14:07+00:00","twitter_card":"summary_large_image","twitter_misc":{"Tiempo de lectura":"5 minutos"},"schema":{"@context":"https:\/\/schema.org","@graph":[{"@type":"WebPage","@id":"https:\/\/www.montalegre.org\/es\/politica-de-cookies\/","url":"https:\/\/www.montalegre.org\/es\/politica-de-cookies\/","name":"Pol\u00edtica de cookies - Montalegre","isPartOf":{"@id":"https:\/\/www.montalegre.org\/es\/#website"},"datePublished":"2021-03-18T15:49:13+00:00","dateModified":"2021-04-16T08:14:07+00:00","breadcrumb":{"@id":"https:\/\/www.montalegre.org\/es\/politica-de-cookies\/#breadcrumb"},"inLanguage":"es","potentialAction":[{"@type":"ReadAction","target":["https:\/\/www.montalegre.org\/es\/politica-de-cookies\/"]}]},{"@type":"BreadcrumbList","@id":"https:\/\/www.montalegre.org\/es\/politica-de-cookies\/#breadcrumb","itemListElement":[{"@type":"ListItem","position":1,"name":"Portada","item":"https:\/\/www.montalegre.org\/es\/"},{"@type":"ListItem","position":2,"name":"Pol\u00edtica de cookies"}]},{"@type":"WebSite","@id":"https:\/\/www.montalegre.org\/es\/#website","url":"https:\/\/www.montalegre.org\/es\/","name":"Montalegre","description":"","potentialAction":[{"@type":"SearchAction","target":{"@type":"EntryPoint","urlTemplate":"https:\/\/www.montalegre.org\/es\/?s={search_term_string}"},"query-input":{"@type":"PropertyValueSpecification","valueRequired":true,"valueName":"search_term_string"}}],"inLanguage":"es"}]}},"_links":{"self":[{"href":"https:\/\/www.montalegre.org\/es\/wp-json\/wp\/v2\/pages\/15532","targetHints":{"allow":["GET"]}}],"collection":[{"href":"https:\/\/www.montalegre.org\/es\/wp-json\/wp\/v2\/pages"}],"about":[{"href":"https:\/\/www.montalegre.org\/es\/wp-json\/wp\/v2\/types\/page"}],"author":[{"embeddable":true,"href":"https:\/\/www.montalegre.org\/es\/wp-json\/wp\/v2\/users\/9"}],"replies":[{"embeddable":true,"href":"https:\/\/www.montalegre.org\/es\/wp-json\/wp\/v2\/comments?post=15532"}],"version-history":[{"count":4,"href":"https:\/\/www.montalegre.org\/es\/wp-json\/wp\/v2\/pages\/15532\/revisions"}],"predecessor-version":[{"id":15713,"href":"https:\/\/www.montalegre.org\/es\/wp-json\/wp\/v2\/pages\/15532\/revisions\/15713"}],"wp:attachment":[{"href":"https:\/\/www.montalegre.org\/es\/wp-json\/wp\/v2\/media?parent=15532"}],"curies":[{"name":"wp","href":"https:\/\/api.w.org\/{rel}","templated":true}]}}